{"id":111,"date":"2025-01-02T22:38:36","date_gmt":"2025-01-02T21:38:36","guid":{"rendered":"https:\/\/parohia-lacourneuve.com\/?page_id=111"},"modified":"2026-04-03T13:16:42","modified_gmt":"2026-04-03T11:16:42","slug":"program-liturgic","status":"publish","type":"page","link":"https:\/\/parohia-lacourneuve.com\/index.php\/program-liturgic\/","title":{"rendered":"Program Liturgic"},"content":{"rendered":"<h3>Programul liturgic din S\u0103pt\u0103m\u00e2na Mare \u0219i la praznicul \u00cenvierii Domnului &#8211; 2026<\/h3>\n<p>&nbsp;<\/p>\n<h4>Luni 6 Aprilie<\/h4>\n<ul>\n<li>18h: Liturghia Darurilor mai \u00eenainte sfin\u021bite<\/li>\n<li>19h30: Denia din Sf\u00e2nta \u0219i Marea Mar\u021bi<\/li>\n<\/ul>\n<p>&nbsp;<\/p>\n<h4><\/h4>\n<h4>Mar\u021bi 7 Aprilie<\/h4>\n<ul>\n<li>18h: Liturghia Darurilor mai \u00eenainte sfin\u021bite<\/li>\n<li>19h30: Denia din Sf\u00e2nta \u0219i Marea Miercuri<\/li>\n<\/ul>\n<p>&nbsp;<\/p>\n<h4>Miercuri 8 Aprilie<\/h4>\n<ul>\n<li>18h: Liturghia Darurilor mai \u00eenainte sfin\u021bite<\/li>\n<li>19h30: Denia din Sf\u00e2nta \u0219i Marea Joi<\/li>\n<\/ul>\n<p>&nbsp;<\/p>\n<h4>Joi 9 Aprilie &#8211; Joia Mare<\/h4>\n<ul>\n<li>6h: Vecernia unit\u0103 cu Liturghia Sf\u00e2ntului Vasile cel Mare<\/li>\n<li>19h: Denia celor 12 Evanghelii<\/li>\n<\/ul>\n<p>&nbsp;<\/p>\n<h4><\/h4>\n<h4>Vineri 10 Aprilie &#8211; Vinerea Mare<\/h4>\n<ul>\n<li>8h &#8211; Vecernia scoaterii Sf\u00e2ntului Epitaf<\/li>\n<li>19h &#8211; Prohodul Domnului<\/li>\n<\/ul>\n<p>&nbsp;<\/p>\n<h4>S\u00e2mb\u0103t\u0103 11 Aprilie &#8211; S\u00e2mb\u0103ta Mare<\/h4>\n<ul>\n<li>7h: Vecernia unit\u0103 cu Liturghia Sf\u00e2ntului Vasile cel Mare<\/li>\n<li>22h: Slujba \u00cenvierii urmat\u0103 de Utrenia \u00cenvierii \u0219i Sf\u00e2nta \u0219i Dumnezeiasca Liturghie din noaptea de Pa\u0219ti<\/li>\n<\/ul>\n<p>&nbsp;<\/p>\n<h3>\u26a0 Informa\u021bii utile:<\/h3>\n<ul>\n<li>Slujba va \u00eencepe la ora 22, \u00eens\u0103 v\u0103 rug\u0103m s\u0103 ajunge\u021bi cel t\u00e2rziu la ora 21 pentru a avea un loc de parcare mai aproape de biseric\u0103.<\/li>\n<li>Co\u0219urile cu bucate vor fi sfin\u021bite la sf\u00e2r\u0219itul slujbei, iar cei prezen\u021bi vor primi pahare cu Pasc\u0103.<\/li>\n<li>V\u0103 \u00eendemn\u0103m s\u0103 urma\u021bi sfaturile celor care v\u0103 vor ghida pe parcursul serii<\/li>\n<\/ul>\n<p>&nbsp;<\/p>\n<h4><\/h4>\n<h4>Duminic\u0103 12 Aprilie &#8211; \u00cenvierea Domnului<\/h4>\n<ul>\n<li>12h : Vecernia \u00cenvierii \u00een cadrul c\u0103reia se cite\u0219te Evanghelia \u00cenvierii \u00een mai multe limbi<\/li>\n<\/ul>\n<p>&nbsp;<\/p>\n<h4>Luni 13 Aprilie &#8211; A doua zi de Pa\u0219ti<\/h4>\n<ul>\n<li>8h: Utrenia \u00cenvierii<\/li>\n<li>9h: Sf\u00e2nta Liturghie<\/li>\n<\/ul>\n<p>&nbsp;<\/p>\n<h4><\/h4>\n<h4>Mar\u021bi 14 Aprilie &#8211; A treia zi de Pa\u0219ti<\/h4>\n<ul>\n<li>6h :\u00a0Sf\u00e2nta Liturghie<\/li>\n<\/ul>\n<p>&nbsp;<\/p>\n<p>&nbsp;<\/p>\n","protected":false},"excerpt":{"rendered":"<p>Programul liturgic din S\u0103pt\u0103m\u00e2na Mare \u0219i la praznicul \u00cenvierii Domnului &#8211; 2026 &nbsp; Luni 6 Aprilie 18h: Liturghia Darurilor mai \u00eenainte sfin\u021bite 19h30: Denia din Sf\u00e2nta \u0219i Marea Mar\u021bi &nbsp; Mar\u021bi 7 Aprilie 18h: Liturghia Darurilor mai \u00eenainte sfin\u021bite 19h30: Denia din Sf\u00e2nta \u0219i Marea Miercuri &nbsp; Miercuri 8 Aprilie 18h: Liturghia Darurilor mai \u00eenainte&hellip; <a class=\"more-link\" href=\"https:\/\/parohia-lacourneuve.com\/index.php\/program-liturgic\/\">Poursuivre la lecture <span class=\"screen-reader-text\">Program Liturgic<\/span><\/a><\/p>\n","protected":false},"author":1,"featured_media":757,"parent":0,"menu_order":0,"comment_status":"closed","ping_status":"closed","template":"","meta":{"footnotes":""},"class_list":["post-111","page","type-page","status-publish","has-post-thumbnail","hentry","entry"],"_links":{"self":[{"href":"https:\/\/parohia-lacourneuve.com\/index.php\/wp-json\/wp\/v2\/pages\/111","targetHints":{"allow":["GET"]}}],"collection":[{"href":"https:\/\/parohia-lacourneuve.com\/index.php\/wp-json\/wp\/v2\/pages"}],"about":[{"href":"https:\/\/parohia-lacourneuve.com\/index.php\/wp-json\/wp\/v2\/types\/page"}],"author":[{"embeddable":true,"href":"https:\/\/parohia-lacourneuve.com\/index.php\/wp-json\/wp\/v2\/users\/1"}],"replies":[{"embeddable":true,"href":"https:\/\/parohia-lacourneuve.com\/index.php\/wp-json\/wp\/v2\/comments?post=111"}],"version-history":[{"count":27,"href":"https:\/\/parohia-lacourneuve.com\/index.php\/wp-json\/wp\/v2\/pages\/111\/revisions"}],"predecessor-version":[{"id":761,"href":"https:\/\/parohia-lacourneuve.com\/index.php\/wp-json\/wp\/v2\/pages\/111\/revisions\/761"}],"wp:featuredmedia":[{"embeddable":true,"href":"https:\/\/parohia-lacourneuve.com\/index.php\/wp-json\/wp\/v2\/media\/757"}],"wp:attachment":[{"href":"https:\/\/parohia-lacourneuve.com\/index.php\/wp-json\/wp\/v2\/media?parent=111"}],"curies":[{"name":"wp","href":"https:\/\/api.w.org\/{rel}","templated":true}]}}